{"id":10,"date":"2018-09-06T04:25:04","date_gmt":"2018-09-06T04:25:04","guid":{"rendered":"http:\/\/margom.com.gt\/web\/?page_id=10"},"modified":"2018-09-06T05:11:17","modified_gmt":"2018-09-06T05:11:17","slug":"tecnologias-de-la-informacion","status":"publish","type":"page","link":"http:\/\/margom.com.gt\/web\/tecnologias-de-la-informacion\/","title":{"rendered":"Tecnolog\u00edas de la Informaci\u00f3n"},"content":{"rendered":"<p>En\u00a0<strong>Margom<\/strong>\u00a0<strong>Consultores<\/strong>\u00a0le ofrecemos distintas soluciones de Hardware y Software que podr\u00e1n suplir todas las necesidades de su empresa.<\/p>\n<p>Si busca un servicio que no se menciona en este sitio por favor\u00a0comun\u00edquese\u00a0con nosotros.<\/p>\n<p>&nbsp;<\/p>\n<p><strong>Margom<\/strong>\u00a0<strong>ERP<\/strong>&#x2122;<\/p>\n<p>Es un sistema administrativo creado en Guatemala que cubre todos los procesos de una empresa.<\/p>\n<p>El sistema consta de los siguientes m\u00f3dulos:<\/p>\n<ul>\n<li>Facturaci\u00f3n<\/li>\n<li>Clientes y Cuentas x Cobrar<\/li>\n<li>Compras<\/li>\n<li>Proveedores y Cuentas x Pagar<\/li>\n<li>Inventarios<\/li>\n<\/ul>\n<p>A su vez el sistema se puede interconectar con el resto de m\u00f3dulos y soluciones Margom.<\/p>\n<p>&nbsp;<\/p>\n<p><strong>Margom\u00a0<\/strong><strong>Contabilidad\u00a0<\/strong><strong>General<\/strong>&#x2122;<\/p>\n<p>Para la operaci\u00f3n de la Contabilidad General de su empresa. Permite la alimentaci\u00f3n de forma autom\u00e1tica desde otros m\u00f3dulos como facturaci\u00f3n, CxC, compras, CxP, inventarios, bancos, etc.<\/p>\n<p>&nbsp;<\/p>\n<p>Podr\u00e1 automatizar el registro y emisi\u00f3n de Libro Diario, Libro Mayor, Balance General, Estado de Resultados, entre otros.<\/p>\n<p>&nbsp;<\/p>\n<p><strong>Margom\u00a0<\/strong><strong>Bancos<\/strong>&#x2122;<\/p>\n<p>Para registrar el movimiento de las cuentas bancarias de la empresa, registro de Cheques, notas de cr\u00e9dito, d\u00e9bito, cobranza. Permite la conexi\u00f3n directa al sistema de Contabilidad y CxC para emitir recibos de caja. Podr\u00e1 llevar el control de Cheques emitidos, en circulaci\u00f3n y liquidados, as\u00ed como la elaboraci\u00f3n de Conciliaciones Bancarias.<\/p>\n<p>&nbsp;<\/p>\n<p><strong>Margom\u00a0<\/strong><strong>Servicio\u00a0<\/strong><strong>T\u00e9cnico<\/strong>&#x2122;<\/p>\n<p>Si su empresa provee servicios de garant\u00eda y servicio t\u00e9cnico, esta herramienta le ayudara a llevar un control adecuado de la base instalada de equipos, as\u00ed como la planificaci\u00f3n y ejecuci\u00f3n de mantenimientos preventivos. Tambi\u00e9n le ayudar\u00e1 a registrar casos de servicio cuando los clientes reporten problemas, as\u00ed como cuantificar el costo de los servicios. Permite la conexi\u00f3n al sistema de Contabilidad, CxC e Inventarios de repuetos entre otros.<\/p>\n<p>&nbsp;<\/p>\n<p><strong>Margom\u00a0<\/strong><strong>Recursos\u00a0<\/strong><strong>Humanos<\/strong>&#x2122;<\/p>\n<p>Esta herramienta le permitir\u00e1 automatizar la administraci\u00f3n del recurso humano de su empresa, abarcando todos los procesos desde el reclutamiento, selecci\u00f3n de personal, pruebas psicom\u00e9tricas, registro y pago de planillas, elaboraci\u00f3n de finiquitos e indemnizaciones, entre otros. Permite la conexi\u00f3n autom\u00e1tica al sistema de Contabilidad y Bancos para el pago de planillas.<\/p>\n<p>&nbsp;<\/p>\n<p><strong>Margom<\/strong><strong>Custom Works<\/strong>&#x2122;<\/p>\n<p>Si sus necesidades son diferentes a las cubiertas con esta gama de herramientas tambi\u00e9n le proveemos el desarrollo personalizado de aplicaciones, ya sea para Desktop, Web o M\u00f3vil, y para distintos sistemas operativos tales como Windows, Linux, Mac OS, etc.<\/p>\n","protected":false},"excerpt":{"rendered":"<div class=\"slide-text-bg2\"><span>En\u00a0Margom\u00a0Consultores\u00a0le ofrecemos distintas soluciones de Hardware y Software que podr\u00e1n suplir todas las necesidades de su empresa. Si busca un servi<\/span><\/div>\n<div class=\"slide-btn-area-sm\"><a href=\"http:\/\/margom.com.gt\/web\/tecnologias-de-la-informacion\/\" class=\"slide-btn-sm\">Leer m\u00e1s<\/a><\/div>\n","protected":false},"author":1,"featured_media":0,"parent":0,"menu_order":1,"comment_status":"closed","ping_status":"closed","template":"","meta":[],"_links":{"self":[{"href":"http:\/\/margom.com.gt\/web\/wp-json\/wp\/v2\/pages\/10"}],"collection":[{"href":"http:\/\/margom.com.gt\/web\/wp-json\/wp\/v2\/pages"}],"about":[{"href":"http:\/\/margom.com.gt\/web\/wp-json\/wp\/v2\/types\/page"}],"author":[{"embeddable":true,"href":"http:\/\/margom.com.gt\/web\/wp-json\/wp\/v2\/users\/1"}],"replies":[{"embeddable":true,"href":"http:\/\/margom.com.gt\/web\/wp-json\/wp\/v2\/comments?post=10"}],"version-history":[{"count":1,"href":"http:\/\/margom.com.gt\/web\/wp-json\/wp\/v2\/pages\/10\/revisions"}],"predecessor-version":[{"id":11,"href":"http:\/\/margom.com.gt\/web\/wp-json\/wp\/v2\/pages\/10\/revisions\/11"}],"wp:attachment":[{"href":"http:\/\/margom.com.gt\/web\/wp-json\/wp\/v2\/media?parent=10"}],"curies":[{"name":"wp","href":"https:\/\/api.w.org\/{rel}","templated":true}]}}