{"id":12,"date":"2018-09-06T04:26:14","date_gmt":"2018-09-06T04:26:14","guid":{"rendered":"http:\/\/margom.com.gt\/web\/?page_id=12"},"modified":"2018-09-06T05:10:50","modified_gmt":"2018-09-06T05:10:50","slug":"contactenos","status":"publish","type":"page","link":"http:\/\/margom.com.gt\/web\/contactenos\/","title":{"rendered":"Cont\u00e1ctenos"},"content":{"rendered":"<p>Si desea comunicarse con nosotros lo puede hacer a trav\u00e9s de los siguientes medios:<\/p>\n<p>Informaci\u00f3n y Ventas<br \/>\nTel\u00e9fono: (502) 3041-3746 \/ (502) 5990-8957<br \/>\n<a href=\"mailto:wendy.gomez@margom.com.gt\">wendy.gomez@margom.com.gt<\/a><br \/>\n<a href=\"mailto:nery.marroquin@margom.com.gt\">nery.marroquin@margom.com.gt<\/a><\/p>\n","protected":false},"excerpt":{"rendered":"<div class=\"slide-text-bg2\"><span>Si desea comunicarse con nosotros lo puede hacer a trav\u00e9s de los siguientes medios: Informaci\u00f3n y Ventas Tel\u00e9fono: (502) 3041-3746 \/ (502) 5990-8957 wen<\/span><\/div>\n<div class=\"slide-btn-area-sm\"><a href=\"http:\/\/margom.com.gt\/web\/contactenos\/\" class=\"slide-btn-sm\">Leer m\u00e1s<\/a><\/div>\n","protected":false},"author":1,"featured_media":0,"parent":0,"menu_order":2,"comment_status":"closed","ping_status":"closed","template":"","meta":[],"_links":{"self":[{"href":"http:\/\/margom.com.gt\/web\/wp-json\/wp\/v2\/pages\/12"}],"collection":[{"href":"http:\/\/margom.com.gt\/web\/wp-json\/wp\/v2\/pages"}],"about":[{"href":"http:\/\/margom.com.gt\/web\/wp-json\/wp\/v2\/types\/page"}],"author":[{"embeddable":true,"href":"http:\/\/margom.com.gt\/web\/wp-json\/wp\/v2\/users\/1"}],"replies":[{"embeddable":true,"href":"http:\/\/margom.com.gt\/web\/wp-json\/wp\/v2\/comments?post=12"}],"version-history":[{"count":1,"href":"http:\/\/margom.com.gt\/web\/wp-json\/wp\/v2\/pages\/12\/revisions"}],"predecessor-version":[{"id":13,"href":"http:\/\/margom.com.gt\/web\/wp-json\/wp\/v2\/pages\/12\/revisions\/13"}],"wp:attachment":[{"href":"http:\/\/margom.com.gt\/web\/wp-json\/wp\/v2\/media?parent=12"}],"curies":[{"name":"wp","href":"https:\/\/api.w.org\/{rel}","templated":true}]}}